{"id":241803,"date":"2021-10-16T23:22:09","date_gmt":"2021-10-16T22:22:09","guid":{"rendered":"http:\/home\/xnfpulo\/www\/xnfpulo.cluster030.hosting.ovh.net\/?page_id=241803"},"modified":"2026-01-11T20:12:54","modified_gmt":"2026-01-11T19:12:54","slug":"order-handmade-bespoke-hat-fascinator","status":"publish","type":"page","link":"https:\/\/fusanna.fr\/fr\/order-handmade-bespoke-hat-fascinator\/","title":{"rendered":"Order Bespoke"},"content":{"rendered":"<p>[et_pb_section fb_built=&#8221;1&#8243; fullwidth=&#8221;on&#8221; _builder_version=&#8221;4.16&#8243; _module_preset=&#8221;default&#8221; locked=&#8221;off&#8221; global_colors_info=&#8221;{}&#8221;][et_pb_fullwidth_header title=&#8221;I would love to make a BESPOKE hat for You.&#8221; text_orientation=&#8221;center&#8221; _builder_version=&#8221;4.16&#8243; _module_preset=&#8221;default&#8221; title_text_color=&#8221;#121212&#8243; background_color=&#8221;#FFFFFF&#8221; global_colors_info=&#8221;{}&#8221;][\/et_pb_fullwidth_header][\/et_pb_section][et_pb_section fb_built=&#8221;1&#8243; _builder_version=&#8221;4.19.2&#8243; _module_preset=&#8221;default&#8221; global_colors_info=&#8221;{}&#8221;][et_pb_row _builder_version=&#8221;4.19.2&#8243; _module_preset=&#8221;default&#8221; hover_enabled=&#8221;0&#8243; global_colors_info=&#8221;{}&#8221; column_structure=&#8221;1_3,2_3&#8243; sticky_enabled=&#8221;0&#8243;][et_pb_column type=&#8221;1_3&#8243; _builder_version=&#8221;4.19.2&#8243; _module_preset=&#8221;default&#8221; global_colors_info=&#8221;{}&#8221;][et_pb_image src=&#8221;https:\/\/fusanna.fr\/wp-content\/uploads\/2026\/01\/bespoke-custom-hat-fascinator-order-360p.jpg&#8221; _builder_version=&#8221;4.24.0&#8243; _module_preset=&#8221;default&#8221; hover_enabled=&#8221;0&#8243; sticky_enabled=&#8221;0&#8243; title_text=&#8221;bespoke-custom-hat-fascinator-order-360p&#8221; alt=&#8221;Photo of a custom hat being handmade to order in Fusanna&#8217;s millinery workshop.&#8221;][\/et_pb_image][\/et_pb_column][et_pb_column _builder_version=&#8221;4.24.0&#8243; _module_preset=&#8221;default&#8221; type=&#8221;2_3&#8243;][et_pb_text _builder_version=&#8221;4.24.0&#8243; _module_preset=&#8221;default&#8221; hover_enabled=&#8221;0&#8243; global_colors_info=&#8221;{}&#8221; header_line_height=&#8221;1.5em&#8221; sticky_enabled=&#8221;0&#8243; text_font_size=&#8221;18px&#8221; header_2_font_size=&#8221;30px&#8221; header_2_line_height=&#8221;1.5em&#8221;]<\/p>\n<h2>Commande de chapeau ou de bibi sur mesure<\/h2>\n<p>Ici, vous pouvez commander chez Fusanna un chapeau ou bibi fait main et personnalis\u00e9. Voici comment \u00e7a marche :<\/p>\n<ul>\n<li>D\u00e9crivez le type de couvre-chef que vous souhaitez.<\/li>\n<li>Les champs du formulaire vous aideront \u00e0 fournir les informations les plus pertinentes.<\/li>\n<li>Envoyez le formulaire rempli afin que je puisse vous contacter. Sauf si j'ai des questions suppl\u00e9mentaires, je pourrai vous indiquer un d\u00e9lai de livraison approximatif et vous faire une offre de prix.<\/li>\n<li>Je vous demanderai un acompte de 50 % avant que votre commande ne soit mise en production.<\/li>\n<li>Si vous acceptez mon offre, je vous enverrai des instructions sur la mani\u00e8re de verser un acompte s\u00e9curis\u00e9 pour votre couvre-chef.<\/li>\n<li>D\u00e8s que le paiement est trait\u00e9, votre commande est valid\u00e9e.<\/li>\n<li>Je vous tiendrai au courant de mon progr\u00e8s.<\/li>\n<\/ul>\n<p>[\/et_pb_text][\/et_pb_column][\/et_pb_row][et_pb_row _builder_version=&#8221;4.16&#8243; _module_preset=&#8221;default&#8221; global_colors_info=&#8221;{}&#8221;][et_pb_column type=&#8221;4_4&#8243; _builder_version=&#8221;4.16&#8243; _module_preset=&#8221;default&#8221; global_colors_info=&#8221;{}&#8221;][et_pb_contact_form module_id=&#8221;et_pb_contact_form_0&#8243; _builder_version=&#8221;4.19.2&#8243; _module_preset=&#8221;default&#8221; _unique_id=&#8221;9e1b2de2-6eb0-4a25-9098-0f89dde8fd79&#8243; form_field_background_color=&#8221;rgba(0,0,0,0.05)&#8221; form_field_focus_background_color=&#8221;rgba(0,0,0,0.08)&#8221; form_field_focus_text_color=&#8221;#000000&#8243; form_field_custom_margin=&#8221;||20px||false|false&#8221; form_field_font=&#8221;||||||||&#8221; form_field_font_size=&#8221;14px&#8221; custom_button=&#8221;on&#8221; button_text_size=&#8221;14px&#8221; button_text_color=&#8221;#ffffff&#8221; button_bg_color=&#8221;#000000&#8243; button_border_width=&#8221;0px&#8221; button_border_radius=&#8221;0px&#8221; button_letter_spacing=&#8221;1px&#8221; button_font=&#8221;|700||on|||||&#8221; button_custom_padding=&#8221;16px|28px|16px|28px|true|true&#8221; border_color_all=&#8221;RGBA(0,0,0,0)&#8221; border_width_top=&#8221;1px&#8221; border_width_right=&#8221;1px&#8221; border_width_bottom=&#8221;15px&#8221; border_width_left=&#8221;1px&#8221; global_colors_info=&#8221;{}&#8221;][et_pb_contact_field field_id=&#8221;Message&#8221; field_title=&#8221;*Please describe the hat you would like to have.&#8221; field_type=&#8221;text&#8221; fullwidth_field=&#8221;on&#8221; _builder_version=&#8221;4.19.2&#8243; global_colors_info=&#8221;{}&#8221; button_text_size__hover_enabled=&#8221;off&#8221; button_one_text_size__hover_enabled=&#8221;off&#8221; button_two_text_size__hover_enabled=&#8221;off&#8221; button_text_color__hover_enabled=&#8221;off&#8221; button_one_text_color__hover_enabled=&#8221;off&#8221; button_two_text_color__hover_enabled=&#8221;off&#8221; button_border_width__hover_enabled=&#8221;off&#8221; button_one_border_width__hover_enabled=&#8221;off&#8221; button_two_border_width__hover_enabled=&#8221;off&#8221; button_border_color__hover_enabled=&#8221;off&#8221; button_one_border_color__hover_enabled=&#8221;off&#8221; button_two_border_color__hover_enabled=&#8221;off&#8221; button_border_radius__hover_enabled=&#8221;off&#8221; button_one_border_radius__hover_enabled=&#8221;off&#8221; button_two_border_radius__hover_enabled=&#8221;off&#8221; button_letter_spacing__hover_enabled=&#8221;off&#8221; button_one_letter_spacing__hover_enabled=&#8221;off&#8221; button_two_letter_spacing__hover_enabled=&#8221;off&#8221; button_bg_color__hover_enabled=&#8221;off&#8221; button_one_bg_color__hover_enabled=&#8221;off&#8221; button_two_bg_color__hover_enabled=&#8221;off&#8221;][\/et_pb_contact_field][et_pb_contact_field field_id=&#8221;Hat_or_attractor?&#8221; field_title=&#8221;Hat or attractor?&#8221; field_type=&#8221;select&#8221; select_options=&#8221;%91{%22value%22:%22Hat%22,%22checked%22:0,%22dragID%22:-1},{%22value%22:%22Attractor%22,%22checked%22:0,%22dragID%22:0}%93&#8243; required_mark=&#8221;off&#8221; _builder_version=&#8221;4.19.2&#8243; _module_preset=&#8221;default&#8221; global_colors_info=&#8221;{}&#8221;][\/et_pb_contact_field][et_pb_contact_field field_id=&#8221;Color&#8221; field_title=&#8221;Color&#8221; required_mark=&#8221;off&#8221; _builder_version=&#8221;4.19.2&#8243; _module_preset=&#8221;default&#8221; global_colors_info=&#8221;{}&#8221;][\/et_pb_contact_field][et_pb_contact_field field_id=&#8221;Occasion&#8221; field_title=&#8221;Occasion&#8221; required_mark=&#8221;off&#8221; _builder_version=&#8221;4.19.2&#8243; _module_preset=&#8221;default&#8221; global_colors_info=&#8221;{}&#8221;][\/et_pb_contact_field][et_pb_contact_field field_id=&#8221;Size&#8221; field_title=&#8221;Size&#8221; required_mark=&#8221;off&#8221; _builder_version=&#8221;4.19.2&#8243; _module_preset=&#8221;default&#8221; global_colors_info=&#8221;{}&#8221;][\/et_pb_contact_field][et_pb_contact_field field_id=&#8221;Name&#8221; field_title=&#8221;*Please tell me your name&#8221; _builder_version=&#8221;4.19.2&#8243; global_colors_info=&#8221;{}&#8221; button_text_size__hover_enabled=&#8221;off&#8221; button_one_text_size__hover_enabled=&#8221;off&#8221; button_two_text_size__hover_enabled=&#8221;off&#8221; button_text_color__hover_enabled=&#8221;off&#8221; button_one_text_color__hover_enabled=&#8221;off&#8221; button_two_text_color__hover_enabled=&#8221;off&#8221; button_border_width__hover_enabled=&#8221;off&#8221; button_one_border_width__hover_enabled=&#8221;off&#8221; button_two_border_width__hover_enabled=&#8221;off&#8221; button_border_color__hover_enabled=&#8221;off&#8221; button_one_border_color__hover_enabled=&#8221;off&#8221; button_two_border_color__hover_enabled=&#8221;off&#8221; button_border_radius__hover_enabled=&#8221;off&#8221; button_one_border_radius__hover_enabled=&#8221;off&#8221; button_two_border_radius__hover_enabled=&#8221;off&#8221; button_letter_spacing__hover_enabled=&#8221;off&#8221; button_one_letter_spacing__hover_enabled=&#8221;off&#8221; button_two_letter_spacing__hover_enabled=&#8221;off&#8221; button_bg_color__hover_enabled=&#8221;off&#8221; button_one_bg_color__hover_enabled=&#8221;off&#8221; button_two_bg_color__hover_enabled=&#8221;off&#8221;][\/et_pb_contact_field][et_pb_contact_field field_id=&#8221;Email&#8221; field_title=&#8221;*Please provide email address, so I can get back to you&#8221; field_type=&#8221;email&#8221; _builder_version=&#8221;4.19.2&#8243; global_colors_info=&#8221;{}&#8221; button_text_size__hover_enabled=&#8221;off&#8221; button_one_text_size__hover_enabled=&#8221;off&#8221; button_two_text_size__hover_enabled=&#8221;off&#8221; button_text_color__hover_enabled=&#8221;off&#8221; button_one_text_color__hover_enabled=&#8221;off&#8221; button_two_text_color__hover_enabled=&#8221;off&#8221; button_border_width__hover_enabled=&#8221;off&#8221; button_one_border_width__hover_enabled=&#8221;off&#8221; button_two_border_width__hover_enabled=&#8221;off&#8221; button_border_color__hover_enabled=&#8221;off&#8221; button_one_border_color__hover_enabled=&#8221;off&#8221; button_two_border_color__hover_enabled=&#8221;off&#8221; button_border_radius__hover_enabled=&#8221;off&#8221; button_one_border_radius__hover_enabled=&#8221;off&#8221; button_two_border_radius__hover_enabled=&#8221;off&#8221; button_letter_spacing__hover_enabled=&#8221;off&#8221; button_one_letter_spacing__hover_enabled=&#8221;off&#8221; button_two_letter_spacing__hover_enabled=&#8221;off&#8221; button_bg_color__hover_enabled=&#8221;off&#8221; button_one_bg_color__hover_enabled=&#8221;off&#8221; button_two_bg_color__hover_enabled=&#8221;off&#8221;][\/et_pb_contact_field][et_pb_contact_field field_id=&#8221;Shipping_Location&#8221; field_title=&#8221;*Where would you like your order to be shipped to?&#8221; field_type=&#8221;select&#8221; select_options=&#8221;%91{%22value%22:%22EU%22,%22checked%22:0,%22dragID%22:-1},{%22value%22:%22Non-EU European Countries (incl. UK)%22,%22checked%22:0,%22dragID%22:0},{%22value%22:%22USA or Canada%22,%22checked%22:0,%22dragID%22:1},{%22value%22:%22All Other Regions%22,%22checked%22:0,%22dragID%22:2}%93&#8243; fullwidth_field=&#8221;on&#8221; _builder_version=&#8221;4.19.2&#8243; _module_preset=&#8221;default&#8221; global_colors_info=&#8221;{}&#8221;][\/et_pb_contact_field][\/et_pb_contact_form][\/et_pb_column][\/et_pb_row][et_pb_row _builder_version=&#8221;4.19.2&#8243; _module_preset=&#8221;default&#8221; global_colors_info=&#8221;{}&#8221;][et_pb_column type=&#8221;4_4&#8243; _builder_version=&#8221;4.19.2&#8243; _module_preset=&#8221;default&#8221; global_colors_info=&#8221;{}&#8221;][et_pb_text _builder_version=&#8221;4.24.0&#8243; _module_preset=&#8221;default&#8221; hover_enabled=&#8221;0&#8243; global_colors_info=&#8221;{}&#8221; header_2_font_size=&#8221;30px&#8221; header_2_line_height=&#8221;1.5em&#8221; text_font_size=&#8221;18px&#8221; sticky_enabled=&#8221;0&#8243;]<\/p>\n<h2>D\u00e9lais de livraison pour les commandes sur mesure<\/h2>\n<p>Entre le premier contact, la consultation, la production et l'exp\u00e9dition, veuillez pr\u00e9voir un d\u00e9lai minimum de 2 \u00e0 3 semaines pour toute commande de chapeau. Les choses sont g\u00e9n\u00e9ralement plus rapides en personne, donc si vous avez l'occasion de me rendre visite \u00e0 <a href=\"https:\/\/maps.app.goo.gl\/YHRvZegWpXWawzdY8\" target=\"_blank\" rel=\"noopener\" title=\"Fusanna - Atelier de Chapeaux\">ma boutique \u00e0 Lyon<\/a>, je vous encourage \u00e0 le faire.<\/p>\n<p>Selon le lieu de livraison, le d\u00e9lai peut varier de 3 jours ouvrables \u00e0 plusieurs semaines (pour les r\u00e9gions les plus \u00e9loign\u00e9es). Si vous commandez votre chapeau hors de l'Union Europ\u00e9enne, des taxes d'importation suppl\u00e9mentaires peuvent s'appliquer.<\/p>\n<p>Je ne suis qu\u2019une seule personne. Mes d\u00e9lais de livraison d\u00e9pendent non seulement de ma charge de travail actuelle, mais aussi de la disponibilit\u00e9 des mat\u00e9riaux. Je dispose d'un stock important de capelines en feutre, de rubans, de coupons de soie, de sinamay et d'autres mati\u00e8res, mais il m'arrive parfois de devoir commander des fournitures sp\u00e9cialement pour votre commande. Cela peut donc, bien entendu, impacter la date de livraison.<\/p>\n<p>Enfin, il se peut que j'aie besoin de vous consulter pendant la production, afin de m'assurer que vous obteniez exactement ce que vous vouliez.<\/p>\n<p>Rest assured &#8211; I will be as transparent about my prices and lead times as I can, and that&#8217;s before you commit any money to it.<\/p>\n<p>[\/et_pb_text][\/et_pb_column][\/et_pb_row][\/et_pb_section][et_pb_section fb_built=&#8221;1&#8243; _builder_version=&#8221;4.19.2&#8243; _module_preset=&#8221;default&#8221; global_colors_info=&#8221;{}&#8221;][\/et_pb_section]<\/p>","protected":false},"excerpt":{"rendered":"<p>Bespoke Hat or Fascinator Order This is where you can order your custom handmade hat or fascinator from Fusanna. Here&#8217;s how it works: Describe what kind of headpiece you want. The fields will help you provide the most relevant information. Submit the form, so I can get in touch with you. Unless I have additional [&hellip;]<\/p>","protected":false},"author":1,"featured_media":0,"parent":0,"menu_order":0,"comment_status":"closed","ping_status":"closed","template":"","meta":{"_et_pb_use_builder":"on","_et_pb_old_content":"","_et_gb_content_width":"","footnotes":""},"class_list":["post-241803","page","type-page","status-publish","hentry"],"yoast_head":"<!-- This site is optimized with the Yoast SEO plugin v26.7 - https:\/\/yoast.com\/wordpress\/plugins\/seo\/ -->\n<title>Order Custom Handmade Hats and Fascinators - Fusanna<\/title>\n<meta name=\"description\" content=\"Order your custom handmade hat online. Fusanna will personally design and craft your unique hat or fascinator.\" \/>\n<meta name=\"robots\" content=\"index, follow, max-snippet:-1, max-image-preview:large, max-video-preview:-1\" \/>\n<link rel=\"canonical\" href=\"https:\/\/fusanna.fr\/fr\/order-handmade-bespoke-hat-fascinator\/\" \/>\n<meta property=\"og:locale\" content=\"fr_FR\" \/>\n<meta property=\"og:type\" content=\"article\" \/>\n<meta property=\"og:title\" content=\"Order Custom Handmade Hats and Fascinators - Fusanna\" \/>\n<meta property=\"og:description\" content=\"Order your custom handmade hat online. Fusanna will personally design and craft your unique hat or fascinator.\" \/>\n<meta property=\"og:url\" content=\"https:\/\/fusanna.fr\/fr\/order-handmade-bespoke-hat-fascinator\/\" \/>\n<meta property=\"og:site_name\" content=\"Fusanna\" \/>\n<meta property=\"article:publisher\" content=\"https:\/\/www.facebook.com\/people\/Fusanna\/100065931343021\/\" \/>\n<meta property=\"article:modified_time\" content=\"2026-01-11T19:12:54+00:00\" \/>\n<meta name=\"twitter:card\" content=\"summary_large_image\" \/>\n<meta name=\"twitter:label1\" content=\"Dur\u00e9e de lecture estim\u00e9e\" \/>\n\t<meta name=\"twitter:data1\" content=\"1 minute\" \/>\n<script type=\"application\/ld+json\" class=\"yoast-schema-graph\">{\"@context\":\"https:\/\/schema.org\",\"@graph\":[{\"@type\":\"WebPage\",\"@id\":\"https:\/\/fusanna.fr\/order-handmade-bespoke-hat-fascinator\/\",\"url\":\"https:\/\/fusanna.fr\/order-handmade-bespoke-hat-fascinator\/\",\"name\":\"Order Custom Handmade Hats and Fascinators - Fusanna\",\"isPartOf\":{\"@id\":\"https:\/\/fusanna.fr\/#website\"},\"datePublished\":\"2021-10-16T22:22:09+00:00\",\"dateModified\":\"2026-01-11T19:12:54+00:00\",\"description\":\"Order your custom handmade hat online. Fusanna will personally design and craft your unique hat or fascinator.\",\"breadcrumb\":{\"@id\":\"https:\/\/fusanna.fr\/order-handmade-bespoke-hat-fascinator\/#breadcrumb\"},\"inLanguage\":\"fr-FR\",\"potentialAction\":[{\"@type\":\"ReadAction\",\"target\":[\"https:\/\/fusanna.fr\/order-handmade-bespoke-hat-fascinator\/\"]}]},{\"@type\":\"BreadcrumbList\",\"@id\":\"https:\/\/fusanna.fr\/order-handmade-bespoke-hat-fascinator\/#breadcrumb\",\"itemListElement\":[{\"@type\":\"ListItem\",\"position\":1,\"name\":\"Home\",\"item\":\"https:\/\/fusanna.fr\/\"},{\"@type\":\"ListItem\",\"position\":2,\"name\":\"Order Bespoke\"}]},{\"@type\":\"WebSite\",\"@id\":\"https:\/\/fusanna.fr\/#website\",\"url\":\"https:\/\/fusanna.fr\/\",\"name\":\"Fusanna Official Website\",\"description\":\"Unique designer hats, hand-made in Lyon, France\",\"publisher\":{\"@id\":\"https:\/\/fusanna.fr\/#organization\"},\"potentialAction\":[{\"@type\":\"SearchAction\",\"target\":{\"@type\":\"EntryPoint\",\"urlTemplate\":\"https:\/\/fusanna.fr\/?s={search_term_string}\"},\"query-input\":{\"@type\":\"PropertyValueSpecification\",\"valueRequired\":true,\"valueName\":\"search_term_string\"}}],\"inLanguage\":\"fr-FR\"},{\"@type\":\"Organization\",\"@id\":\"https:\/\/fusanna.fr\/#organization\",\"name\":\"Fusanna - Atelier de Chapeaux\",\"url\":\"https:\/\/fusanna.fr\/\",\"logo\":{\"@type\":\"ImageObject\",\"inLanguage\":\"fr-FR\",\"@id\":\"https:\/\/fusanna.fr\/#\/schema\/logo\/image\/\",\"url\":\"https:\/\/fusanna.fr\/wp-content\/uploads\/2021\/01\/Fusanna_logo_contra.png\",\"contentUrl\":\"https:\/\/fusanna.fr\/wp-content\/uploads\/2021\/01\/Fusanna_logo_contra.png\",\"width\":1465,\"height\":562,\"caption\":\"Fusanna - Atelier de Chapeaux\"},\"image\":{\"@id\":\"https:\/\/fusanna.fr\/#\/schema\/logo\/image\/\"},\"sameAs\":[\"https:\/\/www.facebook.com\/people\/Fusanna\/100065931343021\/\",\"https:\/\/www.instagram.com\/fusanna.hats\/\",\"https:\/\/www.pinterest.com\/FusannaHATS\/\"]}]}<\/script>\n<!-- \/ Yoast SEO plugin. -->","yoast_head_json":{"title":"Order Custom Handmade Hats and Fascinators - Fusanna","description":"Order your custom handmade hat online. Fusanna will personally design and craft your unique hat or fascinator.","robots":{"index":"index","follow":"follow","max-snippet":"max-snippet:-1","max-image-preview":"max-image-preview:large","max-video-preview":"max-video-preview:-1"},"canonical":"https:\/\/fusanna.fr\/fr\/order-handmade-bespoke-hat-fascinator\/","og_locale":"fr_FR","og_type":"article","og_title":"Order Custom Handmade Hats and Fascinators - Fusanna","og_description":"Order your custom handmade hat online. Fusanna will personally design and craft your unique hat or fascinator.","og_url":"https:\/\/fusanna.fr\/fr\/order-handmade-bespoke-hat-fascinator\/","og_site_name":"Fusanna","article_publisher":"https:\/\/www.facebook.com\/people\/Fusanna\/100065931343021\/","article_modified_time":"2026-01-11T19:12:54+00:00","twitter_card":"summary_large_image","twitter_misc":{"Dur\u00e9e de lecture estim\u00e9e":"1 minute"},"schema":{"@context":"https:\/\/schema.org","@graph":[{"@type":"WebPage","@id":"https:\/\/fusanna.fr\/order-handmade-bespoke-hat-fascinator\/","url":"https:\/\/fusanna.fr\/order-handmade-bespoke-hat-fascinator\/","name":"Order Custom Handmade Hats and Fascinators - Fusanna","isPartOf":{"@id":"https:\/\/fusanna.fr\/#website"},"datePublished":"2021-10-16T22:22:09+00:00","dateModified":"2026-01-11T19:12:54+00:00","description":"Order your custom handmade hat online. Fusanna will personally design and craft your unique hat or fascinator.","breadcrumb":{"@id":"https:\/\/fusanna.fr\/order-handmade-bespoke-hat-fascinator\/#breadcrumb"},"inLanguage":"fr-FR","potentialAction":[{"@type":"ReadAction","target":["https:\/\/fusanna.fr\/order-handmade-bespoke-hat-fascinator\/"]}]},{"@type":"BreadcrumbList","@id":"https:\/\/fusanna.fr\/order-handmade-bespoke-hat-fascinator\/#breadcrumb","itemListElement":[{"@type":"ListItem","position":1,"name":"Home","item":"https:\/\/fusanna.fr\/"},{"@type":"ListItem","position":2,"name":"Order Bespoke"}]},{"@type":"WebSite","@id":"https:\/\/fusanna.fr\/#website","url":"https:\/\/fusanna.fr\/","name":"Fusanna Official Website","description":"Unique designer hats, hand-made in Lyon, France","publisher":{"@id":"https:\/\/fusanna.fr\/#organization"},"potentialAction":[{"@type":"SearchAction","target":{"@type":"EntryPoint","urlTemplate":"https:\/\/fusanna.fr\/?s={search_term_string}"},"query-input":{"@type":"PropertyValueSpecification","valueRequired":true,"valueName":"search_term_string"}}],"inLanguage":"fr-FR"},{"@type":"Organization","@id":"https:\/\/fusanna.fr\/#organization","name":"Fusanna - Atelier de Chapeaux","url":"https:\/\/fusanna.fr\/","logo":{"@type":"ImageObject","inLanguage":"fr-FR","@id":"https:\/\/fusanna.fr\/#\/schema\/logo\/image\/","url":"https:\/\/fusanna.fr\/wp-content\/uploads\/2021\/01\/Fusanna_logo_contra.png","contentUrl":"https:\/\/fusanna.fr\/wp-content\/uploads\/2021\/01\/Fusanna_logo_contra.png","width":1465,"height":562,"caption":"Fusanna - Atelier de Chapeaux"},"image":{"@id":"https:\/\/fusanna.fr\/#\/schema\/logo\/image\/"},"sameAs":["https:\/\/www.facebook.com\/people\/Fusanna\/100065931343021\/","https:\/\/www.instagram.com\/fusanna.hats\/","https:\/\/www.pinterest.com\/FusannaHATS\/"]}]}},"_links":{"self":[{"href":"https:\/\/fusanna.fr\/fr\/wp-json\/wp\/v2\/pages\/241803","targetHints":{"allow":["GET"]}}],"collection":[{"href":"https:\/\/fusanna.fr\/fr\/wp-json\/wp\/v2\/pages"}],"about":[{"href":"https:\/\/fusanna.fr\/fr\/wp-json\/wp\/v2\/types\/page"}],"author":[{"embeddable":true,"href":"https:\/\/fusanna.fr\/fr\/wp-json\/wp\/v2\/users\/1"}],"replies":[{"embeddable":true,"href":"https:\/\/fusanna.fr\/fr\/wp-json\/wp\/v2\/comments?post=241803"}],"version-history":[{"count":24,"href":"https:\/\/fusanna.fr\/fr\/wp-json\/wp\/v2\/pages\/241803\/revisions"}],"predecessor-version":[{"id":243330,"href":"https:\/\/fusanna.fr\/fr\/wp-json\/wp\/v2\/pages\/241803\/revisions\/243330"}],"wp:attachment":[{"href":"https:\/\/fusanna.fr\/fr\/wp-json\/wp\/v2\/media?parent=241803"}],"curies":[{"name":"wp","href":"https:\/\/api.w.org\/{rel}","templated":true}]}}