{"id":133,"date":"2015-11-26T11:05:32","date_gmt":"2015-11-26T11:05:32","guid":{"rendered":"http:\/home\/xnfpulo\/www\/dahz.daffyhazan.com\/applique\/craft\/?page_id=133"},"modified":"2026-01-11T22:16:35","modified_gmt":"2026-01-11T21:16:35","slug":"contact-fusanna-atelier-de-chapeaux","status":"publish","type":"page","link":"https:\/\/fusanna.fr\/fr\/contact-fusanna-atelier-de-chapeaux\/","title":{"rendered":"Contacter Fusanna"},"content":{"rendered":"<p>[et_pb_section fb_built=&#8221;1&#8243; admin_label=&#8221;Header&#8221; _builder_version=&#8221;4.16&#8243; background_color=&#8221;#FFFFFF&#8221; global_colors_info=&#8221;{}&#8221;][et_pb_row _builder_version=&#8221;4.19.2&#8243; global_colors_info=&#8221;{}&#8221;][et_pb_column type=&#8221;4_4&#8243; _builder_version=&#8221;4.16&#8243; global_colors_info=&#8221;{}&#8221;][et_pb_text _builder_version=&#8221;4.24.0&#8243; text_font=&#8221;||||||||&#8221; text_font_size=&#8221;17px&#8221; header_font=&#8221;||||||||&#8221; header_text_align=&#8221;center&#8221; header_text_color=&#8221;#000000&#8243; header_font_size=&#8221;84px&#8221; header_2_font=&#8221;||||||||&#8221; header_2_text_color=&#8221;#000000&#8243; header_2_font_size=&#8221;56px&#8221; header_2_line_height=&#8221;1.1em&#8221; text_line_height_tablet=&#8221;&#8221; text_line_height_phone=&#8221;1.6em&#8221; text_line_height_last_edited=&#8221;on|phone&#8221; header_font_size_tablet=&#8221;54px&#8221; header_font_size_phone=&#8221;34px&#8221; header_font_size_last_edited=&#8221;on|phone&#8221; header_2_font_size_tablet=&#8221;36px&#8221; header_2_font_size_phone=&#8221;24px&#8221; header_2_font_size_last_edited=&#8221;on|phone&#8221; locked=&#8221;off&#8221; global_colors_info=&#8221;{}&#8221;]<\/p>\n<h1>Contacter Fusanna<br \/>Atelier de Chapeaux<\/h1>\n<p>&nbsp;<\/p>\n<p style=\"text-align: center;\">Pour toute demande commerciale, organisation d'\u00e9v\u00e9nements, apparitions m\u00e9diatiques ou prise de rendez-vous, veuillez utiliser le formulaire de contact ci-dessous. Je vous invite \u00e9galement \u00e0 visiter Fusanna \u2013 Atelier de Chapeau dans ma boutique \u00e0 Lyon, situ\u00e9e \u00e0 deux pas de la pittoresque place Bellecour (adresse ci-dessous).<\/p>\n<p>[\/et_pb_text][\/et_pb_column][\/et_pb_row][et_pb_row column_structure=&#8221;1_2,1_2&#8243; _builder_version=&#8221;4.16&#8243; global_colors_info=&#8221;{}&#8221;][et_pb_column type=&#8221;1_2&#8243; _builder_version=&#8221;4.19.2&#8243; _module_preset=&#8221;default&#8221; global_colors_info=&#8221;{}&#8221;][et_pb_image src=&#8221;https:\/\/fusanna.fr\/wp-content\/uploads\/2023\/08\/Confluence-silver-Fusanna.jpg&#8221; alt=&#8221;Fusanna the hatmaker in a reversible fascinator. The silver metallic side of this head jewel suits chic minimalist looks.&#8221; title_text=&#8221;Origami reversible fascinator&#8221; _builder_version=&#8221;4.24.0&#8243; _module_preset=&#8221;default&#8221; global_colors_info=&#8221;{}&#8221;][\/et_pb_image][\/et_pb_column][et_pb_column type=&#8221;1_2&#8243; _builder_version=&#8221;4.16&#8243; global_colors_info=&#8221;{}&#8221;][et_pb_cta title=&#8221;Looking for a custom hat?&#8221; button_url=&#8221;@ET-DC@eyJkeW5hbWljIjp0cnVlLCJjb250ZW50IjoicG9zdF9saW5rX3VybF9wYWdlIiwic2V0dGluZ3MiOnsicG9zdF9pZCI6IjI0MTgwMyJ9fQ==@&#8221; button_text=&#8221;Order BESPOKE&#8221; _builder_version=&#8221;4.24.0&#8243; _dynamic_attributes=&#8221;button_url&#8221; _module_preset=&#8221;default&#8221; header_font_size=&#8221;30px&#8221; header_line_height=&#8221;1.7em&#8221; body_text_align=&#8221;left&#8221; body_font_size=&#8221;17px&#8221; use_background_color=&#8221;off&#8221; custom_button=&#8221;on&#8221; button_icon=&#8221;&#xf7bc;||fa||400&#8243; background_layout=&#8221;light&#8221; global_colors_info=&#8221;{}&#8221;]<\/p>\n<p>Ce formulaire est de pr\u00e9f\u00e9rence destin\u00e9 aux renseignements g\u00e9n\u00e9rales. Si vous souhaitez commander un chapeau sur mesure, veuillez cliquer sur le bouton ci-dessous.<\/p>\n<p>[\/et_pb_cta][et_pb_social_media_follow _builder_version=&#8221;4.16&#8243; filter_invert=&#8221;100%&#8221; border_radii=&#8221;on|100px|100px|100px|100px&#8221; locked=&#8221;off&#8221; global_colors_info=&#8221;{}&#8221;][et_pb_social_media_follow_network social_network=&#8221;facebook&#8221; _builder_version=&#8221;4.16&#8243; background_color=&#8221;#000000&#8243; background_enable_color=&#8221;on&#8221; custom_margin=&#8221;|4px||4px|false|true&#8221; custom_padding=&#8221;6px|6px|6px|6px|true|true&#8221; global_colors_info=&#8221;{}&#8221; follow_button=&#8221;off&#8221; url_new_window=&#8221;on&#8221;]facebook[\/et_pb_social_media_follow_network][et_pb_social_media_follow_network social_network=&#8221;instagram&#8221; _builder_version=&#8221;4.16&#8243; background_color=&#8221;#000000&#8243; background_enable_color=&#8221;on&#8221; custom_margin=&#8221;|4px||4px|false|true&#8221; custom_padding=&#8221;6px|6px|6px|6px|true|true&#8221; global_colors_info=&#8221;{}&#8221; follow_button=&#8221;off&#8221; url_new_window=&#8221;on&#8221;]instagram[\/et_pb_social_media_follow_network][et_pb_social_media_follow_network social_network=&#8221;pinterest&#8221; _builder_version=&#8221;4.16&#8243; background_color=&#8221;#000000&#8243; background_enable_color=&#8221;on&#8221; custom_margin=&#8221;|4px||4px|false|true&#8221; custom_padding=&#8221;6px|6px|6px|6px|true|true&#8221; global_colors_info=&#8221;{}&#8221; follow_button=&#8221;off&#8221; url_new_window=&#8221;on&#8221;]pinterest[\/et_pb_social_media_follow_network][\/et_pb_social_media_follow][et_pb_contact_form use_spam_service=&#8221;on&#8221; recaptcha_list=&#8221;Fusanna Hats Official Website|Fusanna Hats Official Website-0&#8243; email=&#8221;hat@fusanna.fr&#8221; module_id=&#8221;et_pb_contact_form_0&#8243; _builder_version=&#8221;4.19.2&#8243; _unique_id=&#8221;615c0a90-13c1-43e5-acf6-8d718b7a886c&#8221; form_field_background_color=&#8221;rgba(0,0,0,0.05)&#8221; form_field_focus_background_color=&#8221;rgba(0,0,0,0.08)&#8221; form_field_focus_text_color=&#8221;#000000&#8243; form_field_custom_margin=&#8221;||20px||false|false&#8221; form_field_font=&#8221;||||||||&#8221; form_field_font_size=&#8221;14px&#8221; custom_button=&#8221;on&#8221; button_text_size=&#8221;14px&#8221; button_text_color=&#8221;#ffffff&#8221; button_bg_color=&#8221;#000000&#8243; button_border_width=&#8221;0px&#8221; button_border_radius=&#8221;0px&#8221; button_letter_spacing=&#8221;1px&#8221; button_font=&#8221;|700||on|||||&#8221; button_custom_padding=&#8221;16px|28px|16px|28px|true|true&#8221; border_color_all=&#8221;RGBA(0,0,0,0)&#8221; locked=&#8221;off&#8221; global_colors_info=&#8221;{}&#8221;][et_pb_contact_field field_id=&#8221;Name&#8221; field_title=&#8221;Name&#8221; fullwidth_field=&#8221;on&#8221; _builder_version=&#8221;4.19.2&#8243; global_colors_info=&#8221;{}&#8221; button_text_size__hover_enabled=&#8221;off&#8221; button_one_text_size__hover_enabled=&#8221;off&#8221; button_two_text_size__hover_enabled=&#8221;off&#8221; button_text_color__hover_enabled=&#8221;off&#8221; button_one_text_color__hover_enabled=&#8221;off&#8221; button_two_text_color__hover_enabled=&#8221;off&#8221; button_border_width__hover_enabled=&#8221;off&#8221; button_one_border_width__hover_enabled=&#8221;off&#8221; button_two_border_width__hover_enabled=&#8221;off&#8221; button_border_color__hover_enabled=&#8221;off&#8221; button_one_border_color__hover_enabled=&#8221;off&#8221; button_two_border_color__hover_enabled=&#8221;off&#8221; button_border_radius__hover_enabled=&#8221;off&#8221; button_one_border_radius__hover_enabled=&#8221;off&#8221; button_two_border_radius__hover_enabled=&#8221;off&#8221; button_letter_spacing__hover_enabled=&#8221;off&#8221; button_one_letter_spacing__hover_enabled=&#8221;off&#8221; button_two_letter_spacing__hover_enabled=&#8221;off&#8221; button_bg_color__hover_enabled=&#8221;off&#8221; button_one_bg_color__hover_enabled=&#8221;off&#8221; button_two_bg_color__hover_enabled=&#8221;off&#8221;][\/et_pb_contact_field][et_pb_contact_field field_id=&#8221;Email&#8221; field_title=&#8221;Your Email Address&#8221; field_type=&#8221;email&#8221; fullwidth_field=&#8221;on&#8221; _builder_version=&#8221;4.19.2&#8243; global_colors_info=&#8221;{}&#8221; button_text_size__hover_enabled=&#8221;off&#8221; button_one_text_size__hover_enabled=&#8221;off&#8221; button_two_text_size__hover_enabled=&#8221;off&#8221; button_text_color__hover_enabled=&#8221;off&#8221; button_one_text_color__hover_enabled=&#8221;off&#8221; button_two_text_color__hover_enabled=&#8221;off&#8221; button_border_width__hover_enabled=&#8221;off&#8221; button_one_border_width__hover_enabled=&#8221;off&#8221; button_two_border_width__hover_enabled=&#8221;off&#8221; button_border_color__hover_enabled=&#8221;off&#8221; button_one_border_color__hover_enabled=&#8221;off&#8221; button_two_border_color__hover_enabled=&#8221;off&#8221; button_border_radius__hover_enabled=&#8221;off&#8221; button_one_border_radius__hover_enabled=&#8221;off&#8221; button_two_border_radius__hover_enabled=&#8221;off&#8221; button_letter_spacing__hover_enabled=&#8221;off&#8221; button_one_letter_spacing__hover_enabled=&#8221;off&#8221; button_two_letter_spacing__hover_enabled=&#8221;off&#8221; button_bg_color__hover_enabled=&#8221;off&#8221; button_one_bg_color__hover_enabled=&#8221;off&#8221; button_two_bg_color__hover_enabled=&#8221;off&#8221;][\/et_pb_contact_field][et_pb_contact_field field_id=&#8221;Message&#8221; field_title=&#8221;Message&#8221; field_type=&#8221;text&#8221; fullwidth_field=&#8221;on&#8221; _builder_version=&#8221;4.19.2&#8243; global_colors_info=&#8221;{}&#8221; button_text_size__hover_enabled=&#8221;off&#8221; button_one_text_size__hover_enabled=&#8221;off&#8221; button_two_text_size__hover_enabled=&#8221;off&#8221; button_text_color__hover_enabled=&#8221;off&#8221; button_one_text_color__hover_enabled=&#8221;off&#8221; button_two_text_color__hover_enabled=&#8221;off&#8221; button_border_width__hover_enabled=&#8221;off&#8221; button_one_border_width__hover_enabled=&#8221;off&#8221; button_two_border_width__hover_enabled=&#8221;off&#8221; button_border_color__hover_enabled=&#8221;off&#8221; button_one_border_color__hover_enabled=&#8221;off&#8221; button_two_border_color__hover_enabled=&#8221;off&#8221; button_border_radius__hover_enabled=&#8221;off&#8221; button_one_border_radius__hover_enabled=&#8221;off&#8221; button_two_border_radius__hover_enabled=&#8221;off&#8221; button_letter_spacing__hover_enabled=&#8221;off&#8221; button_one_letter_spacing__hover_enabled=&#8221;off&#8221; button_two_letter_spacing__hover_enabled=&#8221;off&#8221; button_bg_color__hover_enabled=&#8221;off&#8221; button_one_bg_color__hover_enabled=&#8221;off&#8221; button_two_bg_color__hover_enabled=&#8221;off&#8221;][\/et_pb_contact_field][\/et_pb_contact_form][\/et_pb_column][\/et_pb_row][et_pb_row column_structure=&#8221;2_5,3_5&#8243; _builder_version=&#8221;4.24.0&#8243; _module_preset=&#8221;default&#8221; global_colors_info=&#8221;{}&#8221;][et_pb_column type=&#8221;2_5&#8243; _builder_version=&#8221;4.24.0&#8243; _module_preset=&#8221;default&#8221; global_colors_info=&#8221;{}&#8221;][et_pb_image src=&#8221;https:\/\/fusanna.fr\/wp-content\/uploads\/2026\/01\/contact-fusanna-atelier-de-chapeaux-belle-cour-boutique-320p.png&#8221; alt=&#8221;The logo of Belle Cour Boutique, where Fusanna &#8211; Atelier de Chapeaux has its workshop and primary point of sale.&#8221; title_text=&#8221;contact-fusanna-atelier-de-chapeaux-belle-cour-boutique-320p&#8221; align=&#8221;center&#8221; _builder_version=&#8221;4.24.0&#8243; _module_preset=&#8221;default&#8221; global_colors_info=&#8221;{}&#8221;][\/et_pb_image][\/et_pb_column][et_pb_column type=&#8221;3_5&#8243; _builder_version=&#8221;4.24.0&#8243; _module_preset=&#8221;default&#8221; global_colors_info=&#8221;{}&#8221;][et_pb_text _builder_version=&#8221;4.24.0&#8243; _module_preset=&#8221;default&#8221; text_font_size=&#8221;17px&#8221; header_2_font_size=&#8221;30px&#8221; header_2_line_height=&#8221;1.7em&#8221; custom_margin=&#8221;25px||||false|false&#8221; hover_enabled=&#8221;0&#8243; global_colors_info=&#8221;{}&#8221; sticky_enabled=&#8221;0&#8243;]<\/p>\n<h2>Adresse et rendez-vous<\/h2>\n<p>Fusanna \u2013 Atelier de Chapeau est situ\u00e9 \u00e0 :<\/p>\n<p style=\"text-align: left;\"><a href=\"https:\/\/maps.app.goo.gl\/YHRvZegWpXWawzdY8\" target=\"_blank\" rel=\"noopener\" title=\"Address of Fusanna - Atelier de Chapeaux\">Boutique Belle Cour<\/a><br \/><strong>10\/12 Rue Antoine de Saint-Exup\u00e9ry<\/strong><br \/><strong>69002 Lyon<\/strong><\/p>\n<p style=\"text-align: left;\">Open <strong>Du mardi au samedi<\/strong> de <strong>10h00 \u00e0 19h00<\/strong>.<\/p>\n<p>Bien que je sois souvent dans l\u2019atelier, il est pr\u00e9f\u00e9rable de prendre rendez-vous en utilisant le formulaire de contact ci-dessus. Je serais vraiment d\u00e9sol\u00e9e de manquer votre visite !<\/p>\n<p>[\/et_pb_text][\/et_pb_column][\/et_pb_row][et_pb_row _builder_version=&#8221;4.19.2&#8243; _module_preset=&#8221;default&#8221; global_colors_info=&#8221;{}&#8221;][et_pb_column type=&#8221;4_4&#8243; _builder_version=&#8221;4.19.2&#8243; _module_preset=&#8221;default&#8221; global_colors_info=&#8221;{}&#8221;][et_pb_text _builder_version=&#8221;4.19.2&#8243; _module_preset=&#8221;default&#8221; global_colors_info=&#8221;{}&#8221;]<\/p>\n<h2>O\u00f9 acheter les chapeaux Fusanna ?<\/h2>\n<p>[\/et_pb_text][et_pb_slider use_bg_overlay=&#8221;off&#8221; _builder_version=&#8221;4.24.0&#8243; _module_preset=&#8221;default&#8221; custom_padding=&#8221;50px||70px||false|false&#8221; animation_style=&#8221;fade&#8221; animation_direction=&#8221;left&#8221; auto=&#8221;on&#8221; global_colors_info=&#8221;{}&#8221;][et_pb_slide heading=&#8221;Belle Cour Boutique&#8221; button_text=&#8221;Discover&#8221; button_link=&#8221;https:\/\/maps.app.goo.gl\/WRuX49UhKN9p3xK68&#8243; url_new_window=&#8221;on&#8221; image=&#8221;https:\/\/fusanna.fr\/wp-content\/uploads\/2025\/11\/logo-belle-cour-boutique-atelier-de-chapeaux-sq.png&#8221; _builder_version=&#8221;4.24.0&#8243; _module_preset=&#8221;default&#8221; background_color=&#8221;#FFFFFF&#8221; background_enable_color=&#8221;on&#8221; background_layout=&#8221;light&#8221; link_option_url=&#8221;https:\/\/maps.app.goo.gl\/WRuX49UhKN9p3xK68&#8243; link_option_url_new_window=&#8221;on&#8221; global_colors_info=&#8221;{}&#8221; sticky_transition=&#8221;on&#8221;]<\/p>\n<p>Venez d\u00e9couvrir notre atelier-boutique au 10-12 rue <span>Antoine de Saint-Exup\u00e9ry<\/span> \u00e0 Lyon ! Fusanna s\u2019est associ\u00e9e \u00e0 trois autres cr\u00e9atrices pour vous proposer des accessoires compl\u00e9mentaires alliant le design et le savoir-faire d\u2019exception.<\/p>\n<p>[\/et_pb_slide][et_pb_slide heading=&#8221;La Griffe Mesure&#8221; button_text=&#8221;Discover&#8221; button_link=&#8221;https:\/\/www.la-griffe-mesure.fr\/&#8221; url_new_window=&#8221;on&#8221; image=&#8221;https:\/\/fusanna.fr\/wp-content\/uploads\/2023\/11\/Logo-La-Griffe-Mesure.jpg&#8221; _builder_version=&#8221;4.19.2&#8243; _module_preset=&#8221;default&#8221; background_color=&#8221;#FFFFFF&#8221; background_enable_color=&#8221;on&#8221; background_layout=&#8221;light&#8221; link_option_url=&#8221;https:\/\/www.la-griffe-mesure.fr\/&#8221; link_option_url_new_window=&#8221;on&#8221; global_colors_info=&#8221;{}&#8221; sticky_transition=&#8221;on&#8221;]<\/p>\n<p><span style=\"font-weight: 400;\">La r\u00e9f\u00e9rence lyonnaise du sur mesure depuis 1996. Nous re\u0301aliserons pour vous un costume, un manteau et une chemise au tombe\u0301 impeccable. Notre expertise vous garantit un re\u0301sultat ine\u0301galable, entie\u0300rement sur mesure.<\/span><\/p>\n<p>[\/et_pb_slide][et_pb_slide heading=&#8221;Laurence Glorieux&#8221; button_text=&#8221;Discover&#8221; button_link=&#8221;https:\/\/www.laurenceglorieux.fr\/wp\/&#8221; url_new_window=&#8221;on&#8221; image=&#8221;https:\/\/fusanna.fr\/wp-content\/uploads\/2023\/07\/Logo-Laurence-Glorieux.jpg&#8221; _builder_version=&#8221;4.19.2&#8243; _module_preset=&#8221;default&#8221; background_color=&#8221;#FFFFFF&#8221; background_enable_color=&#8221;on&#8221; background_layout=&#8221;light&#8221; link_option_url=&#8221;https:\/\/www.laurenceglorieux.fr\/wp\/&#8221; link_option_url_new_window=&#8221;on&#8221; global_colors_info=&#8221;{}&#8221; sticky_transition=&#8221;on&#8221;]<\/p>\n<p><span>Dans notre atelier-showroom, vous vivez l\u2019exp\u00e9rience unique de la cr\u00e9ation d\u2019une robe personnalis\u00e9e sur-mesure, un moment sensoriel et \u00e9motionnel \u00e0 la rencontre de vous-m\u00eame. L\u2019\u00e9l\u00e9gance, la singularit\u00e9, l\u2019authenticit\u00e9, la nouvelle combinaison du luxe.<\/span><\/p>\n<p>[\/et_pb_slide][et_pb_slide heading=&#8221;Blandin &#038; Delloye&#8221; button_text=&#8221;Discover&#8221; image=&#8221;https:\/\/fusanna.fr\/wp-content\/uploads\/2023\/11\/Logo-Blandin-Delloye.jpg&#8221; _builder_version=&#8221;4.19.2&#8243; _module_preset=&#8221;default&#8221; background_color=&#8221;#FFFFFF&#8221; background_enable_color=&#8221;on&#8221; background_layout=&#8221;light&#8221; global_colors_info=&#8221;{}&#8221; sticky_transition=&#8221;on&#8221;]<\/p>\n<p><span style=\"font-weight: 400;\">Nous proposons des tenues sur mesure pour toutes les occasions, qu\u2019elles soient formelles, casual ou pour des c\u00e9r\u00e9monies. Notre savoir-faire traditionnel est la cl\u00e9 de notre succ\u00e8s. Nous sommes constamment \u00e0 la recherche des derni\u00e8res tendances et innovations pour offrir \u00e0 nos clients des cr\u00e9ations exceptionnelles.<\/span><\/p>\n<p>[\/et_pb_slide][\/et_pb_slider][\/et_pb_column][\/et_pb_row][\/et_pb_section]<\/p>","protected":false},"excerpt":{"rendered":"<p>Contact FusannaAtelier de Chapeaux &nbsp; Please use the contact form below to contact Fusanna &#8211; Atelier de Chapeau for business inquiries, event organization, media appearances, and appointments. I also invite you to visit my boutique in Lyon, right off the picteresque Place Bellecour (address below).The email form is preferably for general inquiries. If you were [&hellip;]<\/p>","protected":false},"author":1,"featured_media":0,"parent":0,"menu_order":0,"comment_status":"closed","ping_status":"closed","template":"","meta":{"_et_pb_use_builder":"on","_et_pb_old_content":"If you dream of a custom hat, I'd be delighted to hear from you via the contact form below, a direct e-mail to fusanna.flowersborough@gmail.com or via social media.\r\n\r\n[ninja_form id=1]\t\r\n\r\n&nbsp;","_et_gb_content_width":"","footnotes":""},"class_list":["post-133","page","type-page","status-publish","hentry"],"yoast_head":"<!-- This site is optimized with the Yoast SEO plugin v26.7 - https:\/\/yoast.com\/wordpress\/plugins\/seo\/ -->\n<title>Contact Fusanna Atelier de Chapeaux<\/title>\n<meta name=\"description\" content=\"Contact Fusanna to make your bespoke hat order, organize events, get in touch for media appearances, and any other inquiries.\" \/>\n<meta name=\"robots\" content=\"index, follow, max-snippet:-1, max-image-preview:large, max-video-preview:-1\" \/>\n<link rel=\"canonical\" href=\"https:\/\/fusanna.fr\/fr\/contact-fusanna-atelier-de-chapeaux\/\" \/>\n<meta property=\"og:locale\" content=\"fr_FR\" \/>\n<meta property=\"og:type\" content=\"article\" \/>\n<meta property=\"og:title\" content=\"Contact Fusanna Atelier de Chapeaux\" \/>\n<meta property=\"og:description\" content=\"Contact Fusanna to make your bespoke hat order, organize events, get in touch for media appearances, and any other inquiries.\" \/>\n<meta property=\"og:url\" content=\"https:\/\/fusanna.fr\/fr\/contact-fusanna-atelier-de-chapeaux\/\" \/>\n<meta property=\"og:site_name\" content=\"Fusanna\" \/>\n<meta property=\"article:publisher\" content=\"https:\/\/www.facebook.com\/people\/Fusanna\/100065931343021\/\" \/>\n<meta property=\"article:modified_time\" content=\"2026-01-11T21:16:35+00:00\" \/>\n<meta name=\"twitter:card\" content=\"summary_large_image\" \/>\n<meta name=\"twitter:label1\" content=\"Dur\u00e9e de lecture estim\u00e9e\" \/>\n\t<meta name=\"twitter:data1\" content=\"3 minutes\" \/>\n<script type=\"application\/ld+json\" class=\"yoast-schema-graph\">{\"@context\":\"https:\/\/schema.org\",\"@graph\":[{\"@type\":\"WebPage\",\"@id\":\"https:\/\/fusanna.fr\/contact-fusanna-atelier-de-chapeaux\/\",\"url\":\"https:\/\/fusanna.fr\/contact-fusanna-atelier-de-chapeaux\/\",\"name\":\"Contact Fusanna Atelier de Chapeaux\",\"isPartOf\":{\"@id\":\"https:\/\/fusanna.fr\/#website\"},\"datePublished\":\"2015-11-26T11:05:32+00:00\",\"dateModified\":\"2026-01-11T21:16:35+00:00\",\"description\":\"Contact Fusanna to make your bespoke hat order, organize events, get in touch for media appearances, and any other inquiries.\",\"breadcrumb\":{\"@id\":\"https:\/\/fusanna.fr\/contact-fusanna-atelier-de-chapeaux\/#breadcrumb\"},\"inLanguage\":\"fr-FR\",\"potentialAction\":[{\"@type\":\"ReadAction\",\"target\":[\"https:\/\/fusanna.fr\/contact-fusanna-atelier-de-chapeaux\/\"]}]},{\"@type\":\"BreadcrumbList\",\"@id\":\"https:\/\/fusanna.fr\/contact-fusanna-atelier-de-chapeaux\/#breadcrumb\",\"itemListElement\":[{\"@type\":\"ListItem\",\"position\":1,\"name\":\"Home\",\"item\":\"https:\/\/fusanna.fr\/\"},{\"@type\":\"ListItem\",\"position\":2,\"name\":\"Contact Fusanna\"}]},{\"@type\":\"WebSite\",\"@id\":\"https:\/\/fusanna.fr\/#website\",\"url\":\"https:\/\/fusanna.fr\/\",\"name\":\"Fusanna Official Website\",\"description\":\"Unique designer hats, hand-made in Lyon, France\",\"publisher\":{\"@id\":\"https:\/\/fusanna.fr\/#organization\"},\"potentialAction\":[{\"@type\":\"SearchAction\",\"target\":{\"@type\":\"EntryPoint\",\"urlTemplate\":\"https:\/\/fusanna.fr\/?s={search_term_string}\"},\"query-input\":{\"@type\":\"PropertyValueSpecification\",\"valueRequired\":true,\"valueName\":\"search_term_string\"}}],\"inLanguage\":\"fr-FR\"},{\"@type\":\"Organization\",\"@id\":\"https:\/\/fusanna.fr\/#organization\",\"name\":\"Fusanna - Atelier de Chapeaux\",\"url\":\"https:\/\/fusanna.fr\/\",\"logo\":{\"@type\":\"ImageObject\",\"inLanguage\":\"fr-FR\",\"@id\":\"https:\/\/fusanna.fr\/#\/schema\/logo\/image\/\",\"url\":\"https:\/\/fusanna.fr\/wp-content\/uploads\/2021\/01\/Fusanna_logo_contra.png\",\"contentUrl\":\"https:\/\/fusanna.fr\/wp-content\/uploads\/2021\/01\/Fusanna_logo_contra.png\",\"width\":1465,\"height\":562,\"caption\":\"Fusanna - Atelier de Chapeaux\"},\"image\":{\"@id\":\"https:\/\/fusanna.fr\/#\/schema\/logo\/image\/\"},\"sameAs\":[\"https:\/\/www.facebook.com\/people\/Fusanna\/100065931343021\/\",\"https:\/\/www.instagram.com\/fusanna.hats\/\",\"https:\/\/www.pinterest.com\/FusannaHATS\/\"]}]}<\/script>\n<!-- \/ Yoast SEO plugin. -->","yoast_head_json":{"title":"Contact Fusanna Atelier de Chapeaux","description":"Contact Fusanna to make your bespoke hat order, organize events, get in touch for media appearances, and any other inquiries.","robots":{"index":"index","follow":"follow","max-snippet":"max-snippet:-1","max-image-preview":"max-image-preview:large","max-video-preview":"max-video-preview:-1"},"canonical":"https:\/\/fusanna.fr\/fr\/contact-fusanna-atelier-de-chapeaux\/","og_locale":"fr_FR","og_type":"article","og_title":"Contact Fusanna Atelier de Chapeaux","og_description":"Contact Fusanna to make your bespoke hat order, organize events, get in touch for media appearances, and any other inquiries.","og_url":"https:\/\/fusanna.fr\/fr\/contact-fusanna-atelier-de-chapeaux\/","og_site_name":"Fusanna","article_publisher":"https:\/\/www.facebook.com\/people\/Fusanna\/100065931343021\/","article_modified_time":"2026-01-11T21:16:35+00:00","twitter_card":"summary_large_image","twitter_misc":{"Dur\u00e9e de lecture estim\u00e9e":"3 minutes"},"schema":{"@context":"https:\/\/schema.org","@graph":[{"@type":"WebPage","@id":"https:\/\/fusanna.fr\/contact-fusanna-atelier-de-chapeaux\/","url":"https:\/\/fusanna.fr\/contact-fusanna-atelier-de-chapeaux\/","name":"Contact Fusanna Atelier de Chapeaux","isPartOf":{"@id":"https:\/\/fusanna.fr\/#website"},"datePublished":"2015-11-26T11:05:32+00:00","dateModified":"2026-01-11T21:16:35+00:00","description":"Contact Fusanna to make your bespoke hat order, organize events, get in touch for media appearances, and any other inquiries.","breadcrumb":{"@id":"https:\/\/fusanna.fr\/contact-fusanna-atelier-de-chapeaux\/#breadcrumb"},"inLanguage":"fr-FR","potentialAction":[{"@type":"ReadAction","target":["https:\/\/fusanna.fr\/contact-fusanna-atelier-de-chapeaux\/"]}]},{"@type":"BreadcrumbList","@id":"https:\/\/fusanna.fr\/contact-fusanna-atelier-de-chapeaux\/#breadcrumb","itemListElement":[{"@type":"ListItem","position":1,"name":"Home","item":"https:\/\/fusanna.fr\/"},{"@type":"ListItem","position":2,"name":"Contact Fusanna"}]},{"@type":"WebSite","@id":"https:\/\/fusanna.fr\/#website","url":"https:\/\/fusanna.fr\/","name":"Fusanna Official Website","description":"Unique designer hats, hand-made in Lyon, France","publisher":{"@id":"https:\/\/fusanna.fr\/#organization"},"potentialAction":[{"@type":"SearchAction","target":{"@type":"EntryPoint","urlTemplate":"https:\/\/fusanna.fr\/?s={search_term_string}"},"query-input":{"@type":"PropertyValueSpecification","valueRequired":true,"valueName":"search_term_string"}}],"inLanguage":"fr-FR"},{"@type":"Organization","@id":"https:\/\/fusanna.fr\/#organization","name":"Fusanna - Atelier de Chapeaux","url":"https:\/\/fusanna.fr\/","logo":{"@type":"ImageObject","inLanguage":"fr-FR","@id":"https:\/\/fusanna.fr\/#\/schema\/logo\/image\/","url":"https:\/\/fusanna.fr\/wp-content\/uploads\/2021\/01\/Fusanna_logo_contra.png","contentUrl":"https:\/\/fusanna.fr\/wp-content\/uploads\/2021\/01\/Fusanna_logo_contra.png","width":1465,"height":562,"caption":"Fusanna - Atelier de Chapeaux"},"image":{"@id":"https:\/\/fusanna.fr\/#\/schema\/logo\/image\/"},"sameAs":["https:\/\/www.facebook.com\/people\/Fusanna\/100065931343021\/","https:\/\/www.instagram.com\/fusanna.hats\/","https:\/\/www.pinterest.com\/FusannaHATS\/"]}]}},"_links":{"self":[{"href":"https:\/\/fusanna.fr\/fr\/wp-json\/wp\/v2\/pages\/133","targetHints":{"allow":["GET"]}}],"collection":[{"href":"https:\/\/fusanna.fr\/fr\/wp-json\/wp\/v2\/pages"}],"about":[{"href":"https:\/\/fusanna.fr\/fr\/wp-json\/wp\/v2\/types\/page"}],"author":[{"embeddable":true,"href":"https:\/\/fusanna.fr\/fr\/wp-json\/wp\/v2\/users\/1"}],"replies":[{"embeddable":true,"href":"https:\/\/fusanna.fr\/fr\/wp-json\/wp\/v2\/comments?post=133"}],"version-history":[{"count":70,"href":"https:\/\/fusanna.fr\/fr\/wp-json\/wp\/v2\/pages\/133\/revisions"}],"predecessor-version":[{"id":243345,"href":"https:\/\/fusanna.fr\/fr\/wp-json\/wp\/v2\/pages\/133\/revisions\/243345"}],"wp:attachment":[{"href":"https:\/\/fusanna.fr\/fr\/wp-json\/wp\/v2\/media?parent=133"}],"curies":[{"name":"wp","href":"https:\/\/api.w.org\/{rel}","templated":true}]}}